{"id":9,"date":"2026-04-12T16:31:33","date_gmt":"2026-04-12T14:31:33","guid":{"rendered":"https:\/\/www.creaflobyflo.fr\/?page_id=9"},"modified":"2026-04-12T18:17:58","modified_gmt":"2026-04-12T16:17:58","slug":"accueil","status":"publish","type":"page","link":"https:\/\/www.creaflobyflo.fr\/","title":{"rendered":"Accueil"},"content":{"rendered":"\n<div class=\"cf-section-pc\">\n    <div class=\"cf-banner-pc\">\n        <img decoding=\"async\" src=\"http:\/\/www.creaflobyflo.fr\/wp-content\/uploads\/2026\/04\/image.psd.webp\" alt=\"D\u00e9coration de No\u00ebl artisanale et lit de lutin farceur par Cr\u00e9a'Flo\">\n    <\/div>\n    <div class=\"cf-content-pc\">\n        <h1 class=\"cf-title\">Cr\u00e9ations Artisanales en Bois et Tissu : L&rsquo;univers de Cr\u00e9a&rsquo;Flo<\/h1>\n        <p>Bienvenue dans l&rsquo;univers de <strong>Cr\u00e9a&rsquo;Flo<\/strong>. Ici, la douceur de la couture rencontre la pr\u00e9cision du laser. Sp\u00e9cialiste du <strong>lit pour lutin farceur<\/strong> et de la d\u00e9coration personnalis\u00e9e, nous cr\u00e9ons des objets uniques pour la magie de votre foyer.<\/p>\n    <\/div>\n<\/div>\n\n<div class=\"cf-section-mobile\">\n    <div class=\"cf-card-mobile\">\n        <img decoding=\"async\" src=\"http:\/\/www.creaflobyflo.fr\/wp-content\/uploads\/2026\/04\/Grand-lit-lutine-lutin-3.png\" alt=\"Grand lit pour lutin farceur en bois - Cr\u00e9ation artisanale\">\n        <div class=\"cf-text-mobile\">\n            <h1 class=\"cf-title\">Cr\u00e9ations Artisanales Cr\u00e9a&rsquo;Flo<\/h1>\n            <p>D\u00e9couvrez nos <strong>lits de lutins<\/strong> et nos cr\u00e9ations personnalis\u00e9es m\u00ealant bois et tissu pour un No\u00ebl enchant\u00e9.<\/p>\n        <\/div>\n    <\/div>\n<\/div>\n\n\n\n<p><\/p>\n","protected":false},"excerpt":{"rendered":"<p>Cr\u00e9ations Artisanales en Bois et Tissu : L&rsquo;univers de Cr\u00e9a&rsquo;Flo Bienvenue dans l&rsquo;univers de Cr\u00e9a&rsquo;Flo. Ici, la douceur de la [&hellip;]<\/p>\n","protected":false},"author":1,"featured_media":0,"parent":0,"menu_order":0,"comment_status":"closed","ping_status":"closed","template":"","meta":{"site-sidebar-layout":"default","site-content-layout":"","ast-site-content-layout":"default","site-content-style":"default","site-sidebar-style":"default","ast-global-header-display":"","ast-banner-title-visibility":"","ast-main-header-display":"","ast-hfb-above-header-display":"","ast-hfb-below-header-display":"","ast-hfb-mobile-header-display":"","site-post-title":"","ast-breadcrumbs-content":"","ast-featured-img":"","footer-sml-layout":"","ast-disable-related-posts":"","theme-transparent-header-meta":"","adv-header-id-meta":"","stick-header-meta":"","header-above-stick-meta":"","header-main-stick-meta":"","header-below-stick-meta":"","astra-migrate-meta-layouts":"default","ast-page-background-enabled":"default","ast-page-background-meta":{"desktop":{"background-color":"var(--ast-global-color-5)","background-image":"","background-repeat":"repeat","background-position":"center center","background-size":"auto","background-attachment":"scroll","background-type":"","background-media":"","overlay-type":"","overlay-color":"","overlay-opacity":"","overlay-gradient":""},"tablet":{"background-color":"","background-image":"","background-repeat":"repeat","background-position":"center center","background-size":"auto","background-attachment":"scroll","background-type":"","background-media":"","overlay-type":"","overlay-color":"","overlay-opacity":"","overlay-gradient":""},"mobile":{"background-color":"","background-image":"","background-repeat":"repeat","background-position":"center center","background-size":"auto","background-attachment":"scroll","background-type":"","background-media":"","overlay-type":"","overlay-color":"","overlay-opacity":"","overlay-gradient":""}},"ast-content-background-meta":{"desktop":{"background-color":"var(--ast-global-color-4)","background-image":"","background-repeat":"repeat","background-position":"center center","background-size":"auto","background-attachment":"scroll","background-type":"","background-media":"","overlay-type":"","overlay-color":"","overlay-opacity":"","overlay-gradient":""},"tablet":{"background-color":"var(--ast-global-color-4)","background-image":"","background-repeat":"repeat","background-position":"center center","background-size":"auto","background-attachment":"scroll","background-type":"","background-media":"","overlay-type":"","overlay-color":"","overlay-opacity":"","overlay-gradient":""},"mobile":{"background-color":"var(--ast-global-color-4)","background-image":"","background-repeat":"repeat","background-position":"center center","background-size":"auto","background-attachment":"scroll","background-type":"","background-media":"","overlay-type":"","overlay-color":"","overlay-opacity":"","overlay-gradient":""}},"footnotes":""},"class_list":["post-9","page","type-page","status-publish","hentry"],"_links":{"self":[{"href":"https:\/\/www.creaflobyflo.fr\/index.php\/wp-json\/wp\/v2\/pages\/9","targetHints":{"allow":["GET"]}}],"collection":[{"href":"https:\/\/www.creaflobyflo.fr\/index.php\/wp-json\/wp\/v2\/pages"}],"about":[{"href":"https:\/\/www.creaflobyflo.fr\/index.php\/wp-json\/wp\/v2\/types\/page"}],"author":[{"embeddable":true,"href":"https:\/\/www.creaflobyflo.fr\/index.php\/wp-json\/wp\/v2\/users\/1"}],"replies":[{"embeddable":true,"href":"https:\/\/www.creaflobyflo.fr\/index.php\/wp-json\/wp\/v2\/comments?post=9"}],"version-history":[{"count":24,"href":"https:\/\/www.creaflobyflo.fr\/index.php\/wp-json\/wp\/v2\/pages\/9\/revisions"}],"predecessor-version":[{"id":46,"href":"https:\/\/www.creaflobyflo.fr\/index.php\/wp-json\/wp\/v2\/pages\/9\/revisions\/46"}],"wp:attachment":[{"href":"https:\/\/www.creaflobyflo.fr\/index.php\/wp-json\/wp\/v2\/media?parent=9"}],"curies":[{"name":"wp","href":"https:\/\/api.w.org\/{rel}","templated":true}]}}